{"id":3508,"date":"2022-05-26T09:01:54","date_gmt":"2022-05-26T09:01:54","guid":{"rendered":"https:\/\/www.beangels.io\/?page_id=3508"},"modified":"2022-11-26T13:25:21","modified_gmt":"2022-11-26T13:25:21","slug":"condiciones-del-servicio-beangelsapp","status":"publish","type":"page","link":"https:\/\/www.beangels.io\/en\/condiciones-del-servicio-beangelsapp\/","title":{"rendered":"Pol\u00edtica de privacidad"},"content":{"rendered":"<h4 class=\"wp-block-heading\">Identidad del responsable<\/h4>\n\n\n\n<ul class=\"wp-block-list\">\n<li><strong>Responsable:<\/strong>&nbsp; ASOC BE ANGELS.<\/li>\n\n\n\n<li><strong>NIF:<\/strong>&nbsp;G10867950<\/li>\n\n\n\n<li><strong>Domicilio:<\/strong>&nbsp; Albujon (Cartagena), Murcia &#8211; Espa\u00f1a.<\/li>\n\n\n\n<li><strong>Email:<\/strong>&nbsp; beangelsdesarrollo@gmail.com<\/li>\n\n\n\n<li><strong>Tel\u00e9fono de contacto:<\/strong>&nbsp; 634 38 55 74<\/li>\n\n\n\n<li><strong>Sitio Web:<\/strong>&nbsp; <a href=\"https:\/\/www.beangels.io\/en\/politica-privacidad-de-datos\/\">https:\/\/www.beangels.io<\/a><\/li>\n<\/ul>\n\n\n\n<p><\/p>\n\n\n\n<p>BeAngels.io (en adelante \u201cBeAngels App\u201d), sociedad domiciliada en Elche, C\/ Doctor Fajarn\u00e9s, 52, 2\u00ba 03204 (Elche, Alicante), es la titular del sitio web ubicado en el nombre de dominio www.beangels.io (el \u201cSitio Web\u201d), as\u00ed como de la aplicaci\u00f3n para dispositivos m\u00f3viles \u201cBeAngels App\u201d (la \u201cAplicaci\u00f3n\u201d) disponible desde la web de referencia.<br>BeAngels App es la responsable del tratamiento de los datos que nos has facilitado. La presente Pol\u00edtica de Privacidad es aplicable al Sitio Web, entendiendo como tal todas las p\u00e1ginas y subp\u00e1ginas incluidas en el mismo, y a la Aplicaci\u00f3n, BeAngels App, declinando BeAngels cualquier responsabilidad sobre las diferentes pol\u00edticas de privacidad y protecci\u00f3n de datos de car\u00e1cter personal que puedan contener las p\u00e1ginas web a las cuales pueda accederse a trav\u00e9s de los hiperv\u00ednculos ubicados en el Sitio Web o en la Aplicaci\u00f3n y no gestionados directamente por BeAngels App.<br>Esta pol\u00edtica se ha configurado respetando escrupulosamente la normativa vigente en materia de protecci\u00f3n de datos personales, esto es, en particular, el Reglamento General de Protecci\u00f3n de Datos (\u201cRGPD\u201d) y la Ley Org\u00e1nica 3\/2018, de 5 de diciembre, de Protecci\u00f3n de Datos Personales y garant\u00eda de los derechos digitales (\u201cLOPDGDD\u201d).<br>BeAngels App pone a disposici\u00f3n de los Usuarios el correo electr\u00f3nico oficialbeangels@gmail.com para que puedan consultar cualquier cuesti\u00f3n relativa a las condiciones que rigen la utilizaci\u00f3n del Sitio Web y de la Aplicaci\u00f3n.<\/p>\n\n\n\n<ol class=\"wp-block-list\" start=\"2\">\n<li>\u00bfQU\u00c9 TIPO DE DATOS TRATA BeAngels App?<\/li>\n<\/ol>\n\n\n\n<p>Todos los datos solicitados en el momento de registrarte como Usuario de la Aplicaci\u00f3n son obligatorios. Asimismo, los datos que como interesado te podemos solicitar a trav\u00e9s de los formularios de nuestro Sitio Web, tambi\u00e9n son de obligada cumplimentaci\u00f3n. En caso de no facilitarnos estos datos no podremos ofrecerte el registro y\/o uso del Servicio. Por otro lado, una vez que te hayas registrado como Usuario de la Aplicaci\u00f3n, BeAngels App tambi\u00e9n recopilar\u00e1 determinada informaci\u00f3n necesaria, referente a tu uso de la misma, para permitir que disfrutes de sus funcionalidades.<br>En concreto, BeAngels App necesita tratar las siguientes categor\u00edas de datos:<br>Tus datos identificativos (por ejemplo, tu nombre y apellidos, o nombre y contrase\u00f1a de usuario);<br>Tu informaci\u00f3n de contacto (por ejemplo, tu email o tu n\u00famero de tel\u00e9fono);<br>Los datos de tu agenda, para acceder a los contactos de tu tel\u00e9fono \u00fanicamente para informarte de qui\u00e9nes son tambi\u00e9n usuarios de BeAngels App;<br>Los datos de identificaci\u00f3n de tu dispositivo (en concreto, el push token de tu tel\u00e9fono m\u00f3vil);<br>Tus datos de localizaci\u00f3n en tiempo real, para que a trav\u00e9s de nuestra Aplicaci\u00f3n puedas compartirla con aquellos Usuarios o grupos de Usuarios que desees, de manera que puedan situarte en tiempo real en un mapa;<br>Datos biom\u00e9tricos (en particular, la imagen que subas en tu perfil de Usuario). Ten en cuenta que al subir tu imagen personal nos autorizas a utilizarla \u00fanicamente con esa finalidad, y que nos cedes para ello todos los derechos necesarios sobre la misma. Asimismo, nos garantizas que la imagen facilitada para tu identificaci\u00f3n no infringe ning\u00fan tipo de derechos de terceros, y en todo caso, mantendr\u00e1s indemne a BeAngels App de cualquier reclamaci\u00f3n de terceros por el uso de la misma;<\/p>\n\n\n\n<ol class=\"wp-block-list\" start=\"3\">\n<li>TRATAMIENTO DE DATOS DE MENORES DE EDAD<\/li>\n<\/ol>\n\n\n\n<p>Para poder descargar la Aplicaci\u00f3n y poder utilizar el Servicio BeAngels App debes tener m\u00e1s de 14 a\u00f1os. Si tienes entre 14 y 18 a\u00f1os, te recomendamos que te informes y consultes con tus padres o tutores legales a la hora de transmitir informaci\u00f3n a otros Usuarios con los que hayas contactado a trav\u00e9s del Servicio.<br>Queda expresamente prohibido el registro como Usuario de menores de 14 a\u00f1os. Si eres menor de 14 a\u00f1os, por favor no intentes registrarte o solicitar informaci\u00f3n a trav\u00e9s de nuestro Sitio Web o Aplicaci\u00f3n. Si descubrimos que hemos recabado informaci\u00f3n personal de un menor de 14 a\u00f1os, sin el consentimiento de su madre, padre o tutor, eliminaremos inmediatamente esta informaci\u00f3n.<\/p>\n\n\n\n<ol class=\"wp-block-list\" start=\"4\">\n<li>FINALIDADES DEL TRATAMIENTO<\/li>\n<\/ol>\n\n\n\n<p>BeAngels App recopila y trata de forma manual y\/o automatizada los datos que nos facilites para las finalidades aceptadas en cada caso. Entre dichas finalidades, podemos disponer y tratar tus datos con objeto de:<br>Gestionar tu cuenta de usuario de BeAngels App con la finalidad de que puedas utilizar nuestra Aplicaci\u00f3n;<br>Enviar tu localizaci\u00f3n en tiempo real a los contactos seleccionados en la Aplicaci\u00f3n, as\u00ed como almacenar el enlace de la \u00faltima localizaci\u00f3n que hayas compartido mediante registro url;<br>Recibir notificaciones personalizadas basadas en tu uso de la Aplicaci\u00f3n;<br>Identificar qu\u00e9 personas de contacto de tu agenda de tel\u00e9fonos son tambi\u00e9n usuarios de la Aplicaci\u00f3n, as\u00ed como permitirte invitar a aquellos contactos que no sean usuarios de la Aplicaci\u00f3n;<br>Publicar tu imagen en tu p\u00e1gina de perfil de usuario en la Aplicaci\u00f3n y mostrarla a los dem\u00e1s usuarios de tu red de contactos;<br>Crear e identificar los grupos que hayas creado o de los que seas parte en la Aplicaci\u00f3n;<br>\u00danicamente si nos lo has autorizado, trataremos tus datos de forma automatizada para poder crear perfiles de usuario, basados en los datos que nos aportes a partir de tu registro y el uso de la Aplicaci\u00f3n, con la finalidad de enviarte comunicaciones personalizadas adaptadas a tu perfil;<br>Resolver todas las consultas informativas y responder las solicitudes que nos realices a trav\u00e9s de nuestro Sitio Web o de nuestras p\u00e1ginas de perfil en redes sociales;<br>Enviarte comunicaciones informativas sobre los servicios que te ofrecemos desde BeAngels App;<br>Crear informes an\u00f3nimos basados \u200b\u200ben datos que compartiremos con socios y colaboradores para comprender mejor las situaciones de seguridad para las mujeres en los pa\u00edses y mejorar los servicios y las funciones de la aplicaci\u00f3n. Es posible que de vez en cuando compartamos estos informes de tendencias con organizaciones p\u00fablicas y gobiernos para ayudarlos a aumentar la seguridad y establecer mejores medidas de protecci\u00f3n para las mujeres;<br>En el caso de que nos env\u00edes tu CV o te inscribas en las diferentes ofertas que podamos publicar, trataremos tus datos con la finalidad de gestionar tu candidatura y en su caso, realizar las actividades necesarias para la selecci\u00f3n y contrataci\u00f3n.<\/p>\n\n\n\n<ol class=\"wp-block-list\" start=\"5\">\n<li>\u00bfDURANTE CU\u00c1NTO TIEMPO ALMACENAMOS TUS DATOS?<\/li>\n<\/ol>\n\n\n\n<p>Almacenaremos tus datos personales \u00fanicamente durante el periodo de tiempo que sea razonablemente necesario, durante el tiempo en que mantengas la condici\u00f3n de Usuario registrado de la Aplicaci\u00f3n y hasta que decidas cancelar tu cuenta, o durante el tiempo necesario para atender tu solicitud o petici\u00f3n, hasta que te des de baja o solicites no recibir nuestras comunicaciones informativas sobre nuestros servicios.<br>Podemos conservar los datos personales durante un periodo de tiempo razonable incluso hasta despu\u00e9s de que dejes de utilizar nuestro Servicio, si as\u00ed nos lo requieren Organismos y Administraciones P\u00fablicas, funcionarios y autoridades p\u00fablicas en el ejercicio de sus funciones, Jueces o Tribunales, en cuyo caso los datos personales ser\u00e1n debidamente guardados, protegidos y bloqueados de todos los sistemas de BeAngels App para impedir su acceso y tratamiento. Una vez prescriban las posibles acciones en cada caso, procederemos a la supresi\u00f3n de los datos personales.<\/p>\n\n\n\n<ol class=\"wp-block-list\" start=\"6\">\n<li>\u00bfQU\u00c9 NOS LEGITIMA TRATAR TUS DATOS?<\/li>\n<\/ol>\n\n\n\n<p>La legitimaci\u00f3n de BeAngels App para el tratamiento de los datos personales recogidos a trav\u00e9s del Sitio Web o la Aplicaci\u00f3n se ampara en el consentimiento previo, espec\u00edfico, informado e inequ\u00edvoco dado por los Usuarios para tratar sus datos con las finalidades antes indicadas:<br>El tratamiento de tus datos para gestionar tu cuenta de usuario es necesario para facilitarte el acceso y uso de nuestra Aplicaci\u00f3n. La base sobre la que tratamos estos datos es tu consentimiento y el car\u00e1cter necesario de este tratamiento para que te prestemos nuestro servicio.<br>El tratamiento de tus datos de localizaci\u00f3n es necesario para que la Aplicaci\u00f3n te permita compartir tu ubicaci\u00f3n en tiempo real con tus contactos. Como Usuario consientes que BeAngels App acceda a tu ubicaci\u00f3n y la almacene. T\u00fa decides en todo momento con qui\u00e9n quieres compartir su localizaci\u00f3n, de manera que \u00fanicamente tendr\u00e1n acceso a esta informaci\u00f3n aquellos Usuarios que expresamente selecciones. En ning\u00fan caso la informaci\u00f3n correspondiente a la localizaci\u00f3n del Usuario ser\u00e1 compartida por BeAngels App con ning\u00fan tercero distinto de aquellos otros Usuarios del Servicio BeAngels App seleccionados.<br>Asimismo, en cualquier momento podr\u00e1s dejar de compartir su localizaci\u00f3n con otros Usuarios. Para ello deber\u00e1s eliminar los canales individuales abiertos o los canales grupales abiertos. Esta opci\u00f3n estar\u00e1 en todo momento disponible para los Usuarios. La base sobre la que tratamos estos datos es tu consentimiento y el car\u00e1cter necesario de este tratamiento para que te prestemos nuestro Servicio.<br>El tratamiento de tus datos para enviarte notificaciones es necesario para que puedas estar informado de c\u00f3mo optimizar el uso de nuestra Aplicaci\u00f3n. La base sobre la que tratamos estos datos es tu consentimiento y nuestro leg\u00edtimo inter\u00e9s empresarial.<br>El tratamiento de los datos de contacto de tu agenda de tel\u00e9fonos es necesario para que puedas localizar a todos tus contactos en nuestra Aplicaci\u00f3n y facilitarte tu comunicaci\u00f3n con ellos. La base sobre la que tratamos estos datos es tu consentimiento y el car\u00e1cter necesario de este tratamiento para que te prestemos nuestro Servicio.<br>En el caso de que hayas publicado tu imagen en tu perfil de usuario, su tratamiento es necesario para facilitar tu identificaci\u00f3n a tus contactos y usuarios de BeAngels App, y permitir su comunicaci\u00f3n con ellos por medio de la Aplicaci\u00f3n. La base sobre la que tratamos estos datos es tu consentimiento.<br>El tratamiento de tus datos para crear e identificar grupos es necesario para facilitarte tu comunicaci\u00f3n con tus contactos de acuerdo con tus intereses personales. La base sobre la que tratamos estos datos es tu consentimiento y el car\u00e1cter necesario de este tratamiento para que te prestemos nuestro Servicio.<br>El tratamiento de tus datos para poder elaborar perfiles de usuario es necesario para poderte facilitar una experiencia de uso de nuestra Aplicaci\u00f3n personalizada y adecuada a tus necesidades. La base sobre la que tratamos estos datos es tu consentimiento y nuestro leg\u00edtimo inter\u00e9s empresarial para hacerlo.<br>En todo caso, puedes revocar en cualquier momento tu consentimiento para esta finalidad, siguiendo nuestras instrucciones indicadas en el apartado 10 de la presente Pol\u00edtica de Privacidad, \u201c\u00bfCu\u00e1les son tus derechos cuando nos facilitas tus datos?\u201d.<br>El tratamiento de tus datos identificativos y de contacto para resolver tus consultas a trav\u00e9s de nuestros Sitio Web o redes sociales es necesario para que te facilitemos informaci\u00f3n de nuestro Servicio. La base sobre la que tratamos estos datos es nuestro leg\u00edtimo inter\u00e9s empresarial.<br>El tratamiento de tus datos identificativos y de contacto para enviarte comunicaciones informativas es necesario para que est\u00e9s informado de forma actualizada sobre nuestros servicios. La base sobre la que tratamos estos datos es tu consentimiento.<br>El tratamiento de tus datos econ\u00f3micos y profesionales como candidato para una oferta de trabajo o de colaboraci\u00f3n con BeAngels App es necesario para gestionar tu selecci\u00f3n y en su caso tu contrataci\u00f3n. La base sobre la que tratamos estos datos es tu consentimiento y en su caso tu contrataci\u00f3n con nosotros.<\/p>\n\n\n\n<ol class=\"wp-block-list\" start=\"7\">\n<li>\u00bfA QU\u00c9 DESTINATARIOS PODEMOS COMUNICAR TUS DATOS?<\/li>\n<\/ol>\n\n\n\n<p>BeAngels App podr\u00e1 compartir tus datos personales con terceros, \u00fanicamente cuando dichas cesiones sean necesarias para prestarte nuestros servicios, pudiendo ser accedidos tanto por el personal de BeAngels App como por aquellos terceros cuyos servicios contratemos.<br>En particular, tus datos personales podr\u00e1n ser cedidos a proveedores de servicios de tecnolog\u00edas de la informaci\u00f3n, quienes nos prestan servicios tecnol\u00f3gicos de gesti\u00f3n y almacenamiento de datos, necesarios para el mantenimiento de nuestro Servicio, as\u00ed como a nuestra gestor\u00eda externa, con la finalidad de prestar los servicios de gesti\u00f3n que hemos contratado con ellos. Asimismo, podemos compartir tus datos para dar el debido cumplimiento a nuestras obligaciones legales, o para finalidades de comunicaci\u00f3n a ficheros de informaci\u00f3n de solvencia patrimonial y cr\u00e9dito, por cualquier tipo de impago de los servicios de arrendamiento contratados, y previo requerimiento de pago insatisfactorio.<br>BeAngels App podr\u00e1 compartir tus datos con las siguientes entidades:<br>Organismos y Administraciones P\u00fablicas, Jueces y Tribunales cuando as\u00ed lo exija la normativa fiscal, laboral o cualquier otra normativa legal aplicable;<br>Es posible que de vez en cuando compartamos estos informes de tendencias con organizaciones p\u00fablicas y gobiernos para ayudarlos a aumentar la seguridad y establecer mejores medidas de protecci\u00f3n para las mujeres;<br>Particulares y empresas encargadas del tratamiento de datos: proveedores de servicios de almacenamiento de bases de datos en la nube (cloud computing), as\u00ed como gestor\u00edas externas que nos prestan servicios de contabilidad, facturaci\u00f3n, recursos humanos y otros servicios propios de gesti\u00f3n de la empresa, y para los cuales BeAngels App ha suscrito los correspondientes contratos de encargo del tratamiento.<\/p>\n\n\n\n<ol class=\"wp-block-list\" start=\"8\">\n<li>TRANSFERENCIAS DE DATOS FUERA DEL ESPACIO ECON\u00d3MICO EUROPEO<\/li>\n<\/ol>\n\n\n\n<p>Te informamos de que para la prestaci\u00f3n del servicio BeAngels App utiliza proveedores situados en Estados Unidos y\/o Europa. Por esa raz\u00f3n, y siempre mediando un cumplimiento estricto de la legislaci\u00f3n de protecci\u00f3n de datos en materia de transferencias internacionales, tus datos podr\u00e1n ser transferidos a Estados Unidos\/Europa. Por el mero uso del Sitio Web o de la Aplicaci\u00f3n declaras conocer, comprender y autorizar esta transferencia internacional de datos.<\/p>\n\n\n\n<ol class=\"wp-block-list\" start=\"9\">\n<li>\u00bfC\u00d3MO PROTEGEMOS TUS DATOS?<\/li>\n<\/ol>\n\n\n\n<p>Para proteger tus datos personales, el Titular toma todas las precauciones razonables y sigue las mejores pr\u00e1cticas de la industria para evitar su p\u00e9rdida, mal uso, acceso indebido, divulgaci\u00f3n, alteraci\u00f3n o destrucci\u00f3n de los mismos.<\/p>\n\n\n\n<p>El sitio Web est\u00f1a alojado en HostingTG. La seguridad de tus datos est\u00e1 garantizada, ya que toman todas las medidas de seguridad necesarias para ello. Pueden consultar su pok\u00edtica de privacidad para tener m\u00e1s informaci\u00f3n.<\/p>\n\n\n\n<p><\/p>\n\n\n\n<p>Nos comprometemos a proteger tu informaci\u00f3n personal. BeAngels App garantiza que ha adoptado los niveles de seguridad de protecci\u00f3n de los datos personales legalmente requeridos y adecuados a nuestro Servicio, y ha instalado todos los medios y medidas de \u00edndole t\u00e9cnica, personal y organizativa a su alcance para garantizar la confidencialidad, integridad y calidad de la informaci\u00f3n, as\u00ed como para evitar la p\u00e9rdida, mal uso, alteraci\u00f3n, acceso no autorizado y robo de los datos personales facilitados.<br>Tanto para ofrecerte nuestro Servicio como para ponerte a disposici\u00f3n el Sitio Web y la Aplicaci\u00f3n, implementamos medidas de seguridad tales como la encriptaci\u00f3n y procedimientos de control de acceso con el objeto de evitar el acceso no autorizado a los datos y garantizar su confidencialidad. Tambi\u00e9n nos aseguramos de que nuestros empleados, colaboradores y encargados se encuentren debidamente capacitados para proteger tu informaci\u00f3n personal y garantizar su confidencialidad.<br>Cualquier violaci\u00f3n de la seguridad de los datos personales ser\u00e1 inmediatamente notificada por BeAngels App a la Agencia Espa\u00f1ola de Protecci\u00f3n de Datos.<\/p>\n\n\n\n<ol class=\"wp-block-list\" start=\"10\">\n<li>\u00bfCU\u00c1LES SON TUS DERECHOS CUANDO NOS FACILITAS TUS DATOS?<\/li>\n<\/ol>\n\n\n\n<p>BeAngels App se compromete a proteger tu privacidad y la confidencialidad de tus datos personales, y por ello te daremos respuesta adecuada cuando nos solicites el ejercicio de tus derechos. Puedes ejercitar tus derechos mediante el env\u00edo de un correo electr\u00f3nico a nuestra direcci\u00f3n oficialbeangels@gmail.com, identific\u00e1ndose debidamente e indicando con claridad el objeto de tu solicitud.<br>Con car\u00e1cter particular, puedes ejercitar los siguientes derechos:<br>Derecho de acceso: tienes derecho a solicitar el acceso a los datos personales que estamos tratando y a obtener informaci\u00f3n sobre el tratamiento que realizamos;<br>Derecho de rectificaci\u00f3n: tienes derecho a solicitar la correcci\u00f3n de tus datos personales cuando sean inexactos, incompletos u obsoletos;<br>Derecho de supresi\u00f3n: tienes derecho a solicitarnos que suprimamos tus datos personales cuando consideres que su tratamiento es innecesario o ileg\u00edtimo;<br>Derecho de limitaci\u00f3n: tienes derecho a solicitar la limitaci\u00f3n del tratamiento de tus datos personales;<br>Derecho de portabilidad: tienes derecho a recibir una copia de los datos personales que nos has suministrado, en un formato estructurado, de uso com\u00fan y lectura mec\u00e1nica por un dispositivo autom\u00e1tico, as\u00ed como a transmitirlos a otros responsable del tratamiento;<br>Derecho de oposici\u00f3n: puedes solicitarnos que dejemos de tratar tus datos con base en un fundamento jur\u00eddico en relaci\u00f3n con tu persona o si te afecta de forma significativa, a menos que el tratamiento sea necesario por motivos de inter\u00e9s p\u00fablico;<br>Tienes derecho a oponerte al tratamiento automatizado de tus datos, incluyendo su tratamiento para la elaboraci\u00f3n de perfiles, que produzca efectos jur\u00eddicos sobre ti o te afecte de forma significativa;<br>Tienes derecho a presentar una reclamaci\u00f3n ante la Agencia Espa\u00f1ola de Protecci\u00f3n de Datos a trav\u00e9s del enlace http:\/\/www.agpd.es, a trav\u00e9s del tel\u00e9fono 901 100 099 o por correo en la direcci\u00f3n Agencia Espa\u00f1ola de Protecci\u00f3n de Datos, C\/Jorge Juan n\u00ba 6, 28001 Madrid.<\/p>\n\n\n\n<p><\/p>\n\n\n\n<p>DESTINATARIOS DE LOS DATOS PERSONALES<\/p>\n\n\n\n<p>Google analytics es un servicio de anal\u00edtica web prestado por Google, Inc., una compa\u00f1\u00eda de Delaware cuya oficina principal est\u00e1 en 1600 Amphitheatre Parkway, Mountain View (California), CA 94043, Estados Unidos (\u00abGoogle\u00bb).<br>Encontrar\u00e1s m\u00e1s informaci\u00f3n en www.analytics.google.com Google Analytics utiliza \u00abcookies\u00bb, que son archivos de texto ubicados en tu ordenador, para ayudar al Titular a analizar el uso que hacen los usuarios del sitio Web. La informaci\u00f3n que genera la cookie acerca del uso del sitio Web (incluyendo tu direcci\u00f3n IP) ser\u00e1 directamente transmitida y archivada por Google en los servidores de Estados Unidos.<\/p>\n\n\n\n<p>tambi\u00e9n puedes ver una lista de los tipos de cookies que utiliza Google y sus colaboraciones y toda la informaci\u00f3n relativa al uso que hacen de cookies publicitarias.<\/p>\n\n\n\n<p><\/p>\n\n\n\n<p><strong>Datos personales recogidos<\/strong><\/p>\n\n\n\n<p>Id usuario, nombre, apellidos, direcci\u00f3n, orientaci\u00f3n sexual, clave de acceso, pin de seguridad, geolocalizaci\u00f3n (latitud y longitud), n\u00famero de tel\u00e9fono, contactos del dispositivo m\u00f3vil, idioma, edad, ciudad y e-mail.<\/p>\n\n\n\n<p>Tus datos de usuario son recopilados con el fin del buen uso de la plataforma. El usuario puede acceder, modificar y eliminar sus datos personales en cualquier momento.<\/p>\n\n\n\n<p><strong>USUARIO:<\/strong><br>&#8211; Finalidad: Proveer al usuario de acceso, edici\u00f3n y configuraci\u00f3n de su cuenta.<br>&#8211; Datos recogidos: Nombre, e-mail, id usuario, direcci\u00f3n, n\u00famero tel\u00e9fono, orientaci\u00f3n sexual, clave de acceso y pin de seguridad.<\/p>\n\n\n\n<p><strong>MENSAJES:<\/strong><br>&#8211; Finalidad: Proveer al usuario de mensajer\u00eda entre usuarios mediante notificaciones push.<br>&#8211; Datos recogidos: Direcci\u00f3n de correo electr\u00f3nico.<\/p>\n\n\n\n<p><strong>CONTACTOS:<\/strong><br>&#8211; Finalidad: Proveer al usuario de acceso a la configuraci\u00f3n de notificaciones mediante usuarios registrados en la plataforma que forman parte de los contactos de su dispositivo.<br>&#8211; Datos recogidos: Id usuario, contactos del tel\u00e9fono.<\/p>\n\n\n\n<p><strong>LOCALIZACI\u00d3N:<\/strong><br>&#8211; Finalidad: Proveer al usuario de su ubicaci\u00f3n exacta\/aproximada cuando env\u00ede una notificaci\u00f3n de alerta entre sus contactos seleccionados.<br>&#8211; Datos recogidos: Latitud\/Longitud mediante GPS del dispositivo m\u00f3vil.<\/p>\n\n\n\n<p><strong>SEGURIDAD:<\/strong><br>&#8211; Finalidad: Proveer al usuario de suficiente seguridad de acceso a la plataforma y detecci\u00f3n de alarmas emitidas.<br>&#8211; Datos recogidos: Clave de acceso, pin de seguridad.<\/p>\n\n\n\n<p><strong>Finalidad de los datos personles recogidos<\/strong><\/p>\n\n\n\n<p>Los datos personales recogidos son con el fin de poder identificar el usuario as\u00ed como poder enviarle notificaciones en base a los contactos cruzados entre los contactos de su dispositivo m\u00f3vil y los usuarios registrados en la plataforma, de esta manera podemos enviar notificaciones \u00fanicamente a los usuarios de la plataforma que dicho usuario requiera notificar en caso de emergencia.<\/p>\n\n\n\n<p><\/p>\n\n\n\n<ol class=\"wp-block-list\" start=\"11\">\n<li>USO DE COOKIES<\/li>\n<\/ol>\n\n\n\n<p>El Sitio Web utiliza cookies con la finalidad de proporcionar determinados servicios y funciones, as\u00ed como para ayudar a los Usuarios a mejorar su experiencia de navegaci\u00f3n. Puede encontrar m\u00e1s informaci\u00f3n al respecto en nuestra Pol\u00edtica de Cookies.<\/p>\n\n\n\n<ol class=\"wp-block-list\" start=\"12\">\n<li>ENLACES A TRAV\u00c9S DE SITIOS WEB DE TERCEROS<\/li>\n<\/ol>\n\n\n\n<p>El Sitio Web utiliza cookies con la finalidad de proporcionar determinados servicios y funciones, as\u00ed como para ayudar a los Usuarios a mejorar su experiencia de navegaci\u00f3n. Puede encontrar m\u00e1s informaci\u00f3n al respecto en nuestra<\/p>\n\n\n\n<ol class=\"wp-block-list\" start=\"13\">\n<li>MODIFICACIONES DE LA POL\u00cdTICA DE PRIVACIDAD<\/li>\n<\/ol>\n\n\n\n<p>BeAngels App se reserva el derecho a modificar esta Pol\u00edtica de Privacidad de acuerdo con la legislaci\u00f3n aplicable en cada momento. Por ello, BeAngels App podr\u00e1 comunicarte tales modificaciones cuando se realicen, que ser\u00e1n vinculantes una vez se publiquen. Te recomendamos asimismo que revises peri\u00f3dicamente esta Pol\u00edtica de Privacidad para estar informado de c\u00f3mo se tratan y protegen los datos personales que nos facilitas.<br>Esta pol\u00edtica de privacidad ha sido actualizada en Mayo de 2022.<\/p>","protected":false},"excerpt":{"rendered":"<p>Identidad del responsable BeAngels.io (en adelante \u201cBeAngels App\u201d), sociedad domiciliada<\/p>\n<div class=\"read-more-wrapper\"><a class=\"more-link read-more-link\" href=\"https:\/\/www.beangels.io\/en\/condiciones-del-servicio-beangelsapp\/\">Read More<\/a><\/div>","protected":false},"author":1,"featured_media":0,"parent":0,"menu_order":0,"comment_status":"closed","ping_status":"closed","template":"","meta":{"footnotes":""},"class_list":["post-3508","page","type-page","status-publish","hentry"],"_links":{"self":[{"href":"https:\/\/www.beangels.io\/en\/wp-json\/wp\/v2\/pages\/3508","targetHints":{"allow":["GET"]}}],"collection":[{"href":"https:\/\/www.beangels.io\/en\/wp-json\/wp\/v2\/pages"}],"about":[{"href":"https:\/\/www.beangels.io\/en\/wp-json\/wp\/v2\/types\/page"}],"author":[{"embeddable":true,"href":"https:\/\/www.beangels.io\/en\/wp-json\/wp\/v2\/users\/1"}],"replies":[{"embeddable":true,"href":"https:\/\/www.beangels.io\/en\/wp-json\/wp\/v2\/comments?post=3508"}],"version-history":[{"count":13,"href":"https:\/\/www.beangels.io\/en\/wp-json\/wp\/v2\/pages\/3508\/revisions"}],"predecessor-version":[{"id":3594,"href":"https:\/\/www.beangels.io\/en\/wp-json\/wp\/v2\/pages\/3508\/revisions\/3594"}],"wp:attachment":[{"href":"https:\/\/www.beangels.io\/en\/wp-json\/wp\/v2\/media?parent=3508"}],"curies":[{"name":"wp","href":"https:\/\/api.w.org\/{rel}","templated":true}]}}